{"id":12,"date":"2020-10-01T10:32:59","date_gmt":"2020-10-01T07:32:59","guid":{"rendered":"http:\/\/sabtm.com.tm\/?page_id=12"},"modified":"2020-10-01T10:32:59","modified_gmt":"2020-10-01T07:32:59","slug":"wishlist","status":"publish","type":"page","link":"https:\/\/sabtm.com.tm\/tm\/wishlist\/","title":{"rendered":"\u0421\u043f\u0438\u0441\u043e\u043a \u0436\u0435\u043b\u0430\u043d\u0438\u0439"},"content":{"rendered":"<div class=\"tinv-wishlist woocommerce tinv-wishlist-clear\">\r\n\t<div class=\"tinv-header\">\r\n\t<h2><\/h2>\r\n\t<\/div>\r\n\t\t<p class=\"cart-empty woocommerce-info\">\r\n\t\t\t\t\t Isleg sanawy\u0148yz h\u00e4zirki wagtda bo\u015f.\t\t\t<\/p>\r\n\r\n\t\r\n\t<p class=\"return-to-shop\">\r\n\t\t<a class=\"button wc-backward\"\r\n\t\t   href=\"https:\/\/sabtm.com.tm\/tm\">Return To Shop<\/a>\r\n\t<\/p>\r\n<\/div>\r\n\n","protected":false},"excerpt":{"rendered":"","protected":false},"author":1,"featured_media":0,"parent":0,"menu_order":0,"comment_status":"closed","ping_status":"closed","template":"","meta":{"_acf_changed":false,"footnotes":""},"class_list":["post-12","page","type-page","status-publish","hentry"],"acf":[],"_links":{"self":[{"href":"https:\/\/sabtm.com.tm\/tm\/wp-json\/wp\/v2\/pages\/12"}],"collection":[{"href":"https:\/\/sabtm.com.tm\/tm\/wp-json\/wp\/v2\/pages"}],"about":[{"href":"https:\/\/sabtm.com.tm\/tm\/wp-json\/wp\/v2\/types\/page"}],"author":[{"embeddable":true,"href":"https:\/\/sabtm.com.tm\/tm\/wp-json\/wp\/v2\/users\/1"}],"replies":[{"embeddable":true,"href":"https:\/\/sabtm.com.tm\/tm\/wp-json\/wp\/v2\/comments?post=12"}],"version-history":[{"count":1,"href":"https:\/\/sabtm.com.tm\/tm\/wp-json\/wp\/v2\/pages\/12\/revisions"}],"predecessor-version":[{"id":13,"href":"https:\/\/sabtm.com.tm\/tm\/wp-json\/wp\/v2\/pages\/12\/revisions\/13"}],"wp:attachment":[{"href":"https:\/\/sabtm.com.tm\/tm\/wp-json\/wp\/v2\/media?parent=12"}],"curies":[{"name":"wp","href":"https:\/\/api.w.org\/{rel}","templated":true}]}}