{"id":9,"date":"2020-10-01T10:18:19","date_gmt":"2020-10-01T07:18:19","guid":{"rendered":"http:\/\/sabtm.com.tm\/checkout\/"},"modified":"2020-10-23T16:37:24","modified_gmt":"2020-10-23T13:37:24","slug":"checkout","status":"publish","type":"page","link":"https:\/\/sabtm.com.tm\/tm\/checkout\/","title":{"rendered":"\u00c7yky\u015f"},"content":{"rendered":"<p><strong>24 sagady\u0148 dowamynda harytlary eltip ber\u00fdaris<\/strong><\/p><div class=\"woocommerce\"><\/div>","protected":false},"excerpt":{"rendered":"<p>24 sagady\u0148 dowamynda harytlary eltip ber\u00fdaris<\/p>\n","protected":false},"author":1,"featured_media":0,"parent":0,"menu_order":0,"comment_status":"closed","ping_status":"closed","template":"","meta":{"_acf_changed":false,"footnotes":""},"class_list":["post-9","page","type-page","status-publish","hentry"],"acf":[],"_links":{"self":[{"href":"https:\/\/sabtm.com.tm\/tm\/wp-json\/wp\/v2\/pages\/9"}],"collection":[{"href":"https:\/\/sabtm.com.tm\/tm\/wp-json\/wp\/v2\/pages"}],"about":[{"href":"https:\/\/sabtm.com.tm\/tm\/wp-json\/wp\/v2\/types\/page"}],"author":[{"embeddable":true,"href":"https:\/\/sabtm.com.tm\/tm\/wp-json\/wp\/v2\/users\/1"}],"replies":[{"embeddable":true,"href":"https:\/\/sabtm.com.tm\/tm\/wp-json\/wp\/v2\/comments?post=9"}],"version-history":[{"count":4,"href":"https:\/\/sabtm.com.tm\/tm\/wp-json\/wp\/v2\/pages\/9\/revisions"}],"predecessor-version":[{"id":538,"href":"https:\/\/sabtm.com.tm\/tm\/wp-json\/wp\/v2\/pages\/9\/revisions\/538"}],"wp:attachment":[{"href":"https:\/\/sabtm.com.tm\/tm\/wp-json\/wp\/v2\/media?parent=9"}],"curies":[{"name":"wp","href":"https:\/\/api.w.org\/{rel}","templated":true}]}}