{"id":17653,"date":"2022-05-30T09:32:13","date_gmt":"2022-05-30T06:32:13","guid":{"rendered":"http:\/\/sabtm.com.tm\/product\/tripod-power-tr385-for-photocamera\/"},"modified":"2023-04-07T01:21:55","modified_gmt":"2023-04-06T22:21:55","slug":"tripod-power-tr385-for-photocamera","status":"publish","type":"product","link":"https:\/\/sabtm.com.tm\/tm\/product\/tripod-power-tr385-for-photocamera\/","title":{"rendered":"Tripod Power TR385 for photocamera"},"content":{"rendered":"<p>tr385 &#8211; \u043a\u043e\u043c\u043f\u0430\u043a\u0442\u043d\u0430\u044f \u043d\u0430\u043f\u043e\u043b\u044c\u043d\u0430\u044f \u043c\u043e\u0434\u0435\u043b\u044c \u0448\u0442\u0430\u0442\u0438\u0432\u0430 \u0438\u0437 \u043f\u0440\u043e\u0447\u043d\u043e\u0433\u043e \u0438 \u043b\u0435\u0433\u043a\u043e\u0433\u043e \u0430\u043b\u044e\u043c\u0438\u043d\u0438\u044f. \u0434\u043b\u044f \u0443\u0441\u0442\u043e\u0439\u0447\u0438\u0432\u043e\u0441\u0442\u0438 \u043d\u043e\u0436\u043a\u0438 \u0442\u0440\u0438\u043f\u043e\u0434\u0430 \u0438\u043c\u0435\u044e\u0442 \u0440\u0435\u0437\u0438\u043d\u043e\u0432\u044b\u0435 \u043d\u0430\u043a\u043b\u0430\u0434\u043a\u0438, \u0447\u0442\u043e \u0433\u0430\u0440\u0430\u043d\u0442\u0438\u0440\u0443\u0435\u0442 \u043d\u0430\u0434\u0435\u0436\u043d\u043e\u0441\u0442\u044c \u0443\u0441\u0442\u0430\u043d\u043e\u0432\u043a\u0438 \u0432\u0441\u0435\u0439 \u043a\u043e\u043d\u0441\u0442\u0440\u0443\u043a\u0446\u0438\u0438; Gabaralar: \u041c\u0430\u043a\u0441\u0438\u043c\u0430\u043b\u044c\u043d\u0430\u044f \u0440\u0430\u0431\u043e\u0447\u0430\u044f \u0432\u044b\u0441\u043e\u0442\u0430 &#8211; 1455 \u043c\u043c, \u041c\u0438\u043d\u0438\u043c\u0430\u043b\u044c\u043d\u0430\u044f \u0440\u0430\u0431\u043e\u0447\u0430\u044f \u0432\u044b\u0441\u043e\u0442\u0430 &#8211; 555 \u043c\u043c, \u0414\u0438\u0430\u043c\u0435\u0442\u0440 &#8211; 21.6 \u0445 16.2 \u043c\u043c; Jisim we d\u00fcz\u00fct: \u0410\u043b\u044e\u043c\u0438\u043d\u0438\u0435\u0432\u044b\u0439 \u043d\u0430\u043f\u043e\u043b\u044c\u043d\u044b\u0439 \u0442\u0440\u0438\u043f\u043e\u0434 \u0441\u043e \u0441\u044a\u0435\u043c\u043d\u043e\u0439 \u0448\u0442\u0430\u0442\u0438\u0432\u043d\u043e\u0439 \u0433\u043e\u043b\u043e\u0432\u043a\u043e\u0439; A\u00fdratynlyklar: \u0420\u0435\u0437\u0438\u043d\u043e\u0432\u044b\u0435 \u043d\u0430\u043a\u043e\u043d\u0435\u0447\u043d\u0438\u043a\u0438 \u043e\u043f\u043e\u0440, \u0443\u0434\u043e\u0431\u043d\u0430\u044f \u0440\u0443\u0447\u043a\u0430 \u0434\u043b\u044f \u043f\u0435\u0440\u0435\u043d\u043e\u0441\u043a\u0438; Toplum \u00fcpj\u00fcn\u00e7iligi: \u0428\u0442\u0430\u0442\u0438\u0432, \u0448\u0442\u0430\u0442\u0438\u0432\u043d\u0430\u044f \u0433\u043e\u043b\u043e\u0432\u043a\u0430, \u0438\u043d\u0441\u0442\u0440\u0443\u043a\u0446\u0438\u044f \u043f\u043e\u043b\u044c\u0437\u043e\u0432\u0430\u0442\u0435\u043b\u044f; Re\u0148k: \u0427\u0435\u0440\u043d\u044b\u0439<\/p>\n","protected":false},"excerpt":{"rendered":"<p>tr385 &#8211; \u043a\u043e\u043c\u043f\u0430\u043a\u0442\u043d\u0430\u044f \u043d\u0430\u043f\u043e\u043b\u044c\u043d\u0430\u044f \u043c\u043e\u0434\u0435\u043b\u044c \u0448\u0442\u0430\u0442\u0438\u0432\u0430 \u0438\u0437 \u043f\u0440\u043e\u0447\u043d\u043e\u0433\u043e \u0438 \u043b\u0435\u0433\u043a\u043e\u0433\u043e \u0430\u043b\u044e\u043c\u0438\u043d\u0438\u044f. \u0434\u043b\u044f \u0443\u0441\u0442\u043e\u0439\u0447\u0438\u0432\u043e\u0441\u0442\u0438 \u043d\u043e\u0436\u043a\u0438 \u0442\u0440\u0438\u043f\u043e\u0434\u0430 \u0438\u043c\u0435\u044e\u0442 \u0440\u0435\u0437\u0438\u043d\u043e\u0432\u044b\u0435 \u043d\u0430\u043a\u043b\u0430\u0434\u043a\u0438, \u0447\u0442\u043e \u0433\u0430\u0440\u0430\u043d\u0442\u0438\u0440\u0443\u0435\u0442 \u043d\u0430\u0434\u0435\u0436\u043d\u043e\u0441\u0442\u044c \u0443\u0441\u0442\u0430\u043d\u043e\u0432\u043a\u0438 \u0432\u0441\u0435\u0439 \u043a\u043e\u043d\u0441\u0442\u0440\u0443\u043a\u0446\u0438\u0438; Gabaralar: \u041c\u0430\u043a\u0441\u0438\u043c\u0430\u043b\u044c\u043d\u0430\u044f \u0440\u0430\u0431\u043e\u0447\u0430\u044f \u0432\u044b\u0441\u043e\u0442\u0430 &#8211; 1455 \u043c\u043c, \u041c\u0438\u043d\u0438\u043c\u0430\u043b\u044c\u043d\u0430\u044f \u0440\u0430\u0431\u043e\u0447\u0430\u044f \u0432\u044b\u0441\u043e\u0442\u0430 &#8211; 555 \u043c\u043c, \u0414\u0438\u0430\u043c\u0435\u0442\u0440 &#8211; 21.6 \u0445 16.2 \u043c\u043c; Jisim we d\u00fcz\u00fct: \u0410\u043b\u044e\u043c\u0438\u043d\u0438\u0435\u0432\u044b\u0439 \u043d\u0430\u043f\u043e\u043b\u044c\u043d\u044b\u0439 \u0442\u0440\u0438\u043f\u043e\u0434 \u0441\u043e \u0441\u044a\u0435\u043c\u043d\u043e\u0439 \u0448\u0442\u0430\u0442\u0438\u0432\u043d\u043e\u0439 \u0433\u043e\u043b\u043e\u0432\u043a\u043e\u0439; A\u00fdratynlyklar: \u0420\u0435\u0437\u0438\u043d\u043e\u0432\u044b\u0435 [&hellip;]<\/p>\n","protected":false},"featured_media":18446,"template":"","meta":{"_acf_changed":false},"product_cat":[729,758],"product_tag":[759,623],"class_list":{"0":"post-17653","1":"product","2":"type-product","3":"status-publish","4":"has-post-thumbnail","6":"product_cat-mobilnaja-periferija","7":"product_cat-kamery","8":"product_tag-kamery","9":"product_tag-mobilnaja-periferija","11":"first","12":"outofstock","13":"shipping-taxable","14":"purchasable","15":"product-type-simple"},"acf":[],"_links":{"self":[{"href":"https:\/\/sabtm.com.tm\/tm\/wp-json\/wp\/v2\/product\/17653"}],"collection":[{"href":"https:\/\/sabtm.com.tm\/tm\/wp-json\/wp\/v2\/product"}],"about":[{"href":"https:\/\/sabtm.com.tm\/tm\/wp-json\/wp\/v2\/types\/product"}],"wp:featuredmedia":[{"embeddable":true,"href":"https:\/\/sabtm.com.tm\/tm\/wp-json\/wp\/v2\/media\/18446"}],"wp:attachment":[{"href":"https:\/\/sabtm.com.tm\/tm\/wp-json\/wp\/v2\/media?parent=17653"}],"wp:term":[{"taxonomy":"product_cat","embeddable":true,"href":"https:\/\/sabtm.com.tm\/tm\/wp-json\/wp\/v2\/product_cat?post=17653"},{"taxonomy":"product_tag","embeddable":true,"href":"https:\/\/sabtm.com.tm\/tm\/wp-json\/wp\/v2\/product_tag?post=17653"}],"curies":[{"name":"wp","href":"https:\/\/api.w.org\/{rel}","templated":true}]}}